{"id":18,"date":"2026-01-08T13:25:32","date_gmt":"2026-01-08T18:25:32","guid":{"rendered":"http:\/\/104.247.72.45\/~avem\/?page_id=18"},"modified":"2026-01-16T09:12:16","modified_gmt":"2026-01-16T14:12:16","slug":"contacto","status":"publish","type":"page","link":"https:\/\/avemariaspsjoa.org\/spanish\/contacto\/","title":{"rendered":"CONTACTO"},"content":{"rendered":"\n\n\t\t\t\t<img decoding=\"async\" src=\"https:\/\/pro.demos.wpbeaverbuilder.com\/wp-content\/uploads\/sites\/2\/sites\/29\/2021\/08\/logo-mountain-dams.png\" alt=\"\" itemprop=\"image\" onerror=\"this.style.display='none'\" loading=\"lazy\" \/>\n\t\t\t\t<img decoding=\"async\" src=\"https:\/\/pro.demos.wpbeaverbuilder.com\/wp-content\/uploads\/sites\/2\/sites\/29\/2021\/08\/logo-jett-3.png\" alt=\"\" itemprop=\"image\" onerror=\"this.style.display='none'\" loading=\"lazy\" \/>\n\t\t\t\t<img decoding=\"async\" src=\"https:\/\/pro.demos.wpbeaverbuilder.com\/wp-content\/uploads\/sites\/2\/sites\/29\/2021\/08\/logo-youngs-coffee-1.png\" alt=\"\" itemprop=\"image\" onerror=\"this.style.display='none'\" loading=\"lazy\" \/>\n\t\t\t\t<img decoding=\"async\" src=\"https:\/\/pro.demos.wpbeaverbuilder.com\/wp-content\/uploads\/sites\/2\/sites\/29\/2021\/08\/logo-travel-7.png\" alt=\"\" itemprop=\"image\" onerror=\"this.style.display='none'\" loading=\"lazy\" \/>\n\t\t\t\t<img decoding=\"async\" src=\"https:\/\/pro.demos.wpbeaverbuilder.com\/wp-content\/uploads\/sites\/2\/sites\/29\/2021\/08\/logo-justin-3.png\" alt=\"\" itemprop=\"image\" onerror=\"this.style.display='none'\" loading=\"lazy\" \/>\n\t\t\t\t<img decoding=\"async\" src=\"https:\/\/pro.demos.wpbeaverbuilder.com\/wp-content\/uploads\/sites\/2\/sites\/29\/2021\/08\/logo-atr.png\" alt=\"\" itemprop=\"image\" onerror=\"this.style.display='none'\" loading=\"lazy\" \/>\n<h1>\n\t\t\tContacto\t<\/h1>\n\t<iframe src=\"https:\/\/www.google.com\/maps\/embed\/v1\/place?q=6899+Smoky+Row+Rd.%2C%0AColumbus%2C+Ohio+43235+&#038;key=AIzaSyD09zQ9PNDNNy9TadMuzRV_UsPUoWKntt8\" aria-hidden=\"true\"><\/iframe>\n<h2>\n\t\t\tAve Maria Academy\t<\/h2>\n\t6899 Smoky Row Rd.,<br \/>\nColumbus, Ohio 43235\u00a0\n<p>614-761-0905\u00a0<\/p>\n<p><a href=\"mailto:avemariaacademy@spsjoa.org\">avemariaacademy@spsjoa.org<\/a><\/p>\n\t<p><strong>Estimadas familias, alumnos y amigos:<\/strong><\/p>\n<p>Con gran alegr\u00eda y gratitud les doy la bienvenida a la Academia Ave Mar\u00eda, un lugar donde la fe, el aprendizaje y el car\u00e1cter se unen para formar la base de una verdadera educaci\u00f3n cat\u00f3lica cl\u00e1sica. Aqu\u00ed, cada ni\u00f1o es valorado como un don \u00fanico de Dios, y nuestra misi\u00f3n es formar disc\u00edpulos de Cristo que crezcan en comuni\u00f3n con Dios y entre s\u00ed, y que, junto con sus familias, practiquen un compromiso inquebrantable con nuestra fe y la excelencia acad\u00e9mica.<\/p>\n<p>En la Academia Ave Mar\u00eda, abrazamos esta misi\u00f3n ofreciendo una experiencia educativa que nutre al ni\u00f1o en su totalidad, uniendo una formaci\u00f3n acad\u00e9mica rigurosa con la formaci\u00f3n espiritual, el desarrollo moral y una profunda apreciaci\u00f3n por la verdad y la belleza. Nuestro plan de estudios refleja la creencia de que la excelencia se mide no solo por el dominio de las materias, sino tambi\u00e9n por la formaci\u00f3n de alumnos responsables, compasivos y reflexivos, listos para contribuir al bien com\u00fan.<\/p>\n<p>Los invitamos a explorar nuestros programas, participar en nuestros pr\u00f3ximos eventos y experimentar de primera mano el esp\u00edritu de fe y aprendizaje que hace que la Academia Ave Mar\u00eda sea tan especial. Juntos, formamos una familia unida en la b\u00fasqueda del conocimiento, la virtud y el servicio a los dem\u00e1s.<\/p>\n<p>Gracias por confiarnos el privilegio de guiar a sus hijos en este extraordinario camino de crecimiento y descubrimiento. Esperamos darles la bienvenida a nuestra comunidad y compartir la alegr\u00eda del aprendizaje y la fe.<\/p>\nEn Cristo,<br \/>\nDottie Flanagan<br \/>\nDirectora\n<h2>\n\t\t\tEscr\u00edbenos\t<\/h2>\n\t<div class=\"frm_forms  with_frm_style frm_style_formidable-style\" id=\"frm_form_2_container\" data-token=\"617b49754b2b6b4922faf8ba97eb20e0\">\n<form enctype=\"multipart\/form-data\" method=\"post\" class=\"frm-show-form  frm_pro_form \" id=\"form_contact-page-form\" data-token=\"617b49754b2b6b4922faf8ba97eb20e0\">\n<div class=\"frm_form_fields \">\n<fieldset>\n<legend class=\"frm_screen_reader\">Contact page Form<\/legend>\r\n\r\n<div class=\"frm_fields_container\">\n<input type=\"hidden\" name=\"frm_action\" value=\"create\" \/>\n<input type=\"hidden\" name=\"form_id\" value=\"2\" \/>\n<input type=\"hidden\" name=\"frm_hide_fields_2\" id=\"frm_hide_fields_2\" value=\"\" \/>\n<input type=\"hidden\" name=\"form_key\" value=\"contact-page-form\" \/>\n<input type=\"hidden\" name=\"item_meta[0]\" value=\"\" \/>\n<input type=\"hidden\" id=\"frm_submit_entry_2\" name=\"frm_submit_entry_2\" value=\"a1f9cbe52c\" \/><input type=\"hidden\" name=\"_wp_http_referer\" value=\"\/spanish\/wp-json\/wp\/v2\/pages\/18\" \/><div id=\"frm_field_12_container\" class=\"frm_form_field form-field  frm_required_field frm_top_container frm12 frm_first\">\n\t<label for=\"field_4jz79\" id=\"field_4jz79_label\" class=\"frm_primary_label\">Nombre\n\t\t<span class=\"frm_required\" aria-hidden=\"true\">*<\/span>\n\t<\/label>\n\t<input  type=\"text\" id=\"field_4jz79\" name=\"item_meta[12]\" value=\"\"  data-reqmsg=\"Nombre cannot be blank.\" aria-required=\"true\" data-invmsg=\"Nombre is invalid\" aria-invalid=\"false\"   \/>\n\t\n\t\n<\/div>\n<div id=\"frm_field_9_container\" class=\"frm_form_field form-field  frm_required_field frm_top_container\">\r\n\t<label for=\"field_siqkr\" id=\"field_siqkr_label\" class=\"frm_primary_label\">Tel\u00e9fono\r\n\t\t<span class=\"frm_required\" aria-hidden=\"true\">*<\/span>\r\n\t<\/label>\r\n\t<input type=\"tel\" id=\"field_siqkr\" name=\"item_meta[9]\" value=\"\"  data-reqmsg=\"Tel\u00e9fono cannot be blank.\" aria-required=\"true\" data-invmsg=\"Tel\u00e9fono is invalid\" aria-invalid=\"false\" pattern=\"((\\+\\d{1,3}(-|.| )?\\(?\\d\\)?(-| |.)?\\d{1,5})|(\\(?\\d{2,6}\\)?))(-|.| )?(\\d{3,4})(-|.| )?(\\d{4})(( x| ext)\\d{1,5}){0,1}$\"  \/>\r\n\t\r\n\t\r\n<\/div>\n<div id=\"frm_field_10_container\" class=\"frm_form_field form-field  frm_required_field frm_top_container\">\r\n\t<label for=\"field_j50au\" id=\"field_j50au_label\" class=\"frm_primary_label\">Correo Electr\u00f3nico\r\n\t\t<span class=\"frm_required\" aria-hidden=\"true\">*<\/span>\r\n\t<\/label>\r\n\t<input type=\"email\" id=\"field_j50au\" name=\"item_meta[10]\" value=\"\"  autocomplete=\"email\"  data-reqmsg=\"Correo Electr\u00f3nico cannot be blank.\" aria-required=\"true\" data-invmsg=\"Correo Electr\u00f3nico is invalid\" aria-invalid=\"false\"  \/>\r\n\t\r\n\t\r\n<\/div>\n<div id=\"frm_field_11_container\" class=\"frm_form_field form-field  frm_required_field frm_top_container\">\r\n\t<label for=\"field_hk7s3\" id=\"field_hk7s3_label\" class=\"frm_primary_label\">Mensaje\r\n\t\t<span class=\"frm_required\" aria-hidden=\"true\">*<\/span>\r\n\t<\/label>\r\n\t<textarea name=\"item_meta[11]\" id=\"field_hk7s3\" rows=\"5\"  data-reqmsg=\"Mensaje cannot be blank.\" aria-required=\"true\" data-invmsg=\"Mensaje is invalid\" aria-invalid=\"false\"  ><\/textarea>\r\n\t\r\n\t\r\n<\/div>\n<div id=\"frm_field_6_container\" class=\"frm_form_field form-field  frm12 frm_first\">\r\n\t<div class=\"frm_submit frm_flex\">\r\n<button class=\"frm_button_submit frm_final_submit\" type=\"submit\"   formnovalidate=\"formnovalidate\">Submit<\/button>\r\n\r\n\r\n\r\n<\/div>\r\n<\/div>\n\t<input type=\"hidden\" name=\"item_key\" value=\"\" \/>\n\t\t\t<div id=\"frm_field_13_container\">\n\t\t\t<label for=\"field_jbca0\" >\n\t\t\t\tIf you are human, leave this field blank.\t\t\t<\/label>\n\t\t\t<input  id=\"field_jbca0\" type=\"text\" class=\"frm_form_field form-field frm_verify\" name=\"item_meta[13]\" value=\"\"  \/>\n\t\t<\/div>\n\t\t<input name=\"frm_state\" type=\"hidden\" value=\"Qv4JutmMpLQcJGh8hUZTnhrWD33c+CaZ0wh+7mZodinJFwHKD3WEb1RBFeKEE\/Ce\" \/><\/div>\n<\/fieldset>\n<\/div>\n\n<\/form>\n<\/div>\n\n\n","protected":false},"excerpt":{"rendered":"<p>Contacto Ave Maria Academy 6899 Smoky Row Rd., Columbus, Ohio 43235\u00a0 614-761-0905\u00a0 avemariaacademy@spsjoa.org Estimadas familias, alumnos y amigos: Con gran alegr\u00eda y gratitud les doy la bienvenida a la Academia Ave Mar\u00eda, un lugar donde la fe, el aprendizaje y el car\u00e1cter se unen para formar la base de una verdadera educaci\u00f3n cat\u00f3lica cl\u00e1sica. Aqu\u00ed, [&hellip;]<\/p>\n","protected":false},"author":1,"featured_media":0,"parent":0,"menu_order":0,"comment_status":"closed","ping_status":"closed","template":"","meta":{"footnotes":""},"class_list":["post-18","page","type-page","status-publish","hentry"],"_links":{"self":[{"href":"https:\/\/avemariaspsjoa.org\/spanish\/wp-json\/wp\/v2\/pages\/18","targetHints":{"allow":["GET"]}}],"collection":[{"href":"https:\/\/avemariaspsjoa.org\/spanish\/wp-json\/wp\/v2\/pages"}],"about":[{"href":"https:\/\/avemariaspsjoa.org\/spanish\/wp-json\/wp\/v2\/types\/page"}],"author":[{"embeddable":true,"href":"https:\/\/avemariaspsjoa.org\/spanish\/wp-json\/wp\/v2\/users\/1"}],"replies":[{"embeddable":true,"href":"https:\/\/avemariaspsjoa.org\/spanish\/wp-json\/wp\/v2\/comments?post=18"}],"version-history":[{"count":10,"href":"https:\/\/avemariaspsjoa.org\/spanish\/wp-json\/wp\/v2\/pages\/18\/revisions"}],"predecessor-version":[{"id":219,"href":"https:\/\/avemariaspsjoa.org\/spanish\/wp-json\/wp\/v2\/pages\/18\/revisions\/219"}],"wp:attachment":[{"href":"https:\/\/avemariaspsjoa.org\/spanish\/wp-json\/wp\/v2\/media?parent=18"}],"curies":[{"name":"wp","href":"https:\/\/api.w.org\/{rel}","templated":true}]}}