{"id":172,"date":"2026-01-15T15:13:10","date_gmt":"2026-01-15T20:13:10","guid":{"rendered":"https:\/\/avemariaspsjoa.org\/spanish\/?page_id=172"},"modified":"2026-01-16T09:28:10","modified_gmt":"2026-01-16T14:28:10","slug":"participa","status":"publish","type":"page","link":"https:\/\/avemariaspsjoa.org\/spanish\/padres-de-familia\/participa\/","title":{"rendered":"Participa"},"content":{"rendered":"\n<h1>\n\t\t\tParticipa\t<\/h1>\n<h3>\n\t\t\tColaboraci\u00f3n e Involucramiento de los Padres\t<\/h3>\n\t<p>Los padres son los primeros y principales educadores de sus hijos, y Ave Maria Academy colabora con las familias para apoyar la formaci\u00f3n acad\u00e9mica, espiritual y moral. Se espera que las familias:<\/p>\n<ul>\n<li>Se comuniquen regularmente con los maestros sobre el aprendizaje y el desarrollo espiritual de sus hijos.<\/li>\n<li>Asistan a los eventos de la escuela y de la parroquia, incluyendo conferencias de padres y maestros, liturgias y actividades escolares.<\/li>\n<li>Sean voluntarios en las aulas o en actividades de la escuela, ayudando a fomentar un fuerte sentido de comunidad.<\/li>\n<li>Sean acompa\u00f1antes en excursiones y participen en proyectos de servicio cuando sea necesario.<\/li>\n<li>Completen la capacitaci\u00f3n requerida por la di\u00f3cesis, incluyendo el programa Protegiendo a los Hijos de Dios (VIRTUS), antes de realizar trabajo voluntario.<\/li>\n<li>Apoyen las pol\u00edticas de la escuela y la misi\u00f3n cat\u00f3lica, modelando valores del Evangelio y virtudes para los estudiantes.<\/li>\n<\/ul>\n<p>Esta colaboraci\u00f3n activa fortalece a la comunidad escolar y ayuda a los estudiantes a crecer como disc\u00edpulos fieles, responsables y alegres de Cristo.<\/p>\n<p>Este verano encontrar\u00e1s enlaces con todas las maneras en que puedes involucrarte en Ave Maria Academy.<\/p>\n\t\t\t<a href=\"https:\/\/avemariaspsjoa.org\/spanish\/contact\/\" target=\"_self\">\n\t\t\t\t\t\t\t\u00bfTienes Preguntas? \u00a1Cont\u00e1ctanos hoy mismo!\n\t\t\t\t\t<\/a>\n\n","protected":false},"excerpt":{"rendered":"<p>Participa Colaboraci\u00f3n e Involucramiento de los Padres Los padres son los primeros y principales educadores de sus hijos, y Ave Maria Academy colabora con las familias para apoyar la formaci\u00f3n acad\u00e9mica, espiritual y moral. Se espera que las familias: Se comuniquen regularmente con los maestros sobre el aprendizaje y el desarrollo espiritual de sus hijos. [&hellip;]<\/p>\n","protected":false},"author":1,"featured_media":0,"parent":14,"menu_order":0,"comment_status":"closed","ping_status":"closed","template":"","meta":{"footnotes":""},"class_list":["post-172","page","type-page","status-publish","hentry"],"_links":{"self":[{"href":"https:\/\/avemariaspsjoa.org\/spanish\/wp-json\/wp\/v2\/pages\/172","targetHints":{"allow":["GET"]}}],"collection":[{"href":"https:\/\/avemariaspsjoa.org\/spanish\/wp-json\/wp\/v2\/pages"}],"about":[{"href":"https:\/\/avemariaspsjoa.org\/spanish\/wp-json\/wp\/v2\/types\/page"}],"author":[{"embeddable":true,"href":"https:\/\/avemariaspsjoa.org\/spanish\/wp-json\/wp\/v2\/users\/1"}],"replies":[{"embeddable":true,"href":"https:\/\/avemariaspsjoa.org\/spanish\/wp-json\/wp\/v2\/comments?post=172"}],"version-history":[{"count":4,"href":"https:\/\/avemariaspsjoa.org\/spanish\/wp-json\/wp\/v2\/pages\/172\/revisions"}],"predecessor-version":[{"id":225,"href":"https:\/\/avemariaspsjoa.org\/spanish\/wp-json\/wp\/v2\/pages\/172\/revisions\/225"}],"up":[{"embeddable":true,"href":"https:\/\/avemariaspsjoa.org\/spanish\/wp-json\/wp\/v2\/pages\/14"}],"wp:attachment":[{"href":"https:\/\/avemariaspsjoa.org\/spanish\/wp-json\/wp\/v2\/media?parent=172"}],"curies":[{"name":"wp","href":"https:\/\/api.w.org\/{rel}","templated":true}]}}