{"id":153,"date":"2026-01-15T15:02:41","date_gmt":"2026-01-15T20:02:41","guid":{"rendered":"https:\/\/avemariaspsjoa.org\/spanish\/?page_id=153"},"modified":"2026-01-16T10:05:40","modified_gmt":"2026-01-16T15:05:40","slug":"preguntas-frecuentes-de-la-academia-ave-maria","status":"publish","type":"page","link":"https:\/\/avemariaspsjoa.org\/spanish\/admisiones\/preguntas-frecuentes-de-la-academia-ave-maria\/","title":{"rendered":"Preguntas frecuentes de la Academia Ave Maria"},"content":{"rendered":"\n<h1>\n\t\t\tPreguntas Frecuentes \t<\/h1>\n\t\t\t\t\t<a href=\"#\"  id=\"fl-accordion--label-0\" tabindex=\"0\" aria-controls=\"fl-accordion--panel-0\">\u00bfCu\u00e1l es el horario escolar?<\/a>\n\t\t\t\t\t\t\t\t\t\t\t<a href=\"#\" id=\"fl-accordion--icon-0\"  tabindex=\"0\"><i title=\"Expand\">Expand<\/i><\/a>\n\t\t\t\t\t<p>El horario de clases es de 8:30 a. m. a 3:30 p. m., de lunes a viernes. El preescolar de la ma\u00f1ana es de 8:30 a. m. a 11:30 a. m., con opciones de cuidado antes y despu\u00e9s del horario escolar.<\/p>\n\t\t\t\t\t<a href=\"#\"  id=\"fl-accordion--label-1\" tabindex=\"0\" aria-controls=\"fl-accordion--panel-1\">\u00bfCu\u00e1l es el costo de la matr\u00edcula?<\/a>\n\t\t\t\t\t\t\t\t\t\t\t<a href=\"#\" id=\"fl-accordion--icon-1\"  tabindex=\"0\"><i title=\"Expand\">Expand<\/i><\/a>\n\t\t\t\t\t<p>La matr\u00edcula para el preescolar de jornada completa (de lunes a viernes, de 8:30 a. m. a 3:30 p. m.) y para los grados de K\u00ednder a 8.\u00ba es de $8,100 por un a\u00f1o escolar de diez meses. El costo de la matr\u00edcula de preescolar depende de las opciones de programa que elijan los padres:<\/p>\n<table cellspacing=\"0\" cellpadding=\"0\">\n<tbody>\n<tr>\n<td valign=\"top\">\n<p>Monday through Friday<\/p>\n<\/td>\n<td valign=\"top\">\n<p>Monday-Wednesday-Friday<\/p>\n<\/td>\n<td valign=\"top\">\n<p>Tuesday and Thursday<\/p>\n<\/td>\n<\/tr>\n<tr>\n<td valign=\"top\">\n<p>AM &#8211; $4,374<\/p>\n<\/td>\n<td valign=\"top\">\n<p>AM &#8211; $2,781<\/p>\n<\/td>\n<td valign=\"top\">\n<p>AM &#8211; $2,050<\/p>\n<\/td>\n<\/tr>\n<tr>\n<td valign=\"top\">\n<p>Full Day &#8211; $8,100<\/p>\n<\/td>\n<td valign=\"top\">\n<p>Full Day &#8211; $5,175<\/p>\n<\/td>\n<td valign=\"top\">\n<p>Full Day &#8211; $3,020<\/p>\n<\/td>\n<\/tr>\n<\/tbody>\n<\/table>\n\t\t\t\t\t<a href=\"#\"  id=\"fl-accordion--label-2\" tabindex=\"0\" aria-controls=\"fl-accordion--panel-2\">\u00bfC\u00f3mo participar\u00e1n las Hermanas Siervas de la Inmaculada Concepci\u00f3n?<\/a>\n\t\t\t\t\t\t\t\t\t\t\t<a href=\"#\" id=\"fl-accordion--icon-2\"  tabindex=\"0\"><i title=\"Expand\">Expand<\/i><\/a>\n\t\t\t\t\t<p>Las Hermanas Siervas de la Inmaculada Concepci\u00f3n impulsar\u00e1n nuestra cultura cat\u00f3lica y servir\u00e1n como modelo para la educaci\u00f3n religiosa en la Academia Ave Maria. Junto con maestros laicos comprometidos, el carisma de las hermanas religiosas aportar\u00e1 un profundo sentido de compasi\u00f3n, ayuda pr\u00e1ctica y fundamento espiritual a la Academia Ave Maria, fomentando un ambiente donde cada ni\u00f1o se sienta valorado, empoderado y conectado con el amor de Dios, promoviendo el servicio, la dignidad y el crecimiento a trav\u00e9s de los valores del Evangelio.<\/p>\n\t\t\t\t\t<a href=\"#\"  id=\"fl-accordion--label-3\" tabindex=\"0\" aria-controls=\"fl-accordion--panel-3\">\u00bfHabr\u00e1 oportunidades de voluntariado para los padres?<\/a>\n\t\t\t\t\t\t\t\t\t\t\t<a href=\"#\" id=\"fl-accordion--icon-3\"  tabindex=\"0\"><i title=\"Expand\">Expand<\/i><\/a>\n\t\t\t\t\t<p>Como principales educadores de sus hijos, se les pedir\u00e1 a los padres que donen tiempo de voluntariado a la escuela (los detalles est\u00e1n en fase de planificaci\u00f3n). Todos los padres voluntarios deben someterse a una verificaci\u00f3n de antecedentes y haber completado el curso de protecci\u00f3n infantil &#8220;Protegiendo a los hijos de Dios&#8221;, requerido por la Di\u00f3cesis.<\/p>\n\t\t\t\t\t<a href=\"#\"  id=\"fl-accordion--label-4\" tabindex=\"0\" aria-controls=\"fl-accordion--panel-4\">\u00bfCu\u00e1l es la proporci\u00f3n de alumnos por maestro en el aula?<\/a>\n\t\t\t\t\t\t\t\t\t\t\t<a href=\"#\" id=\"fl-accordion--icon-4\"  tabindex=\"0\"><i title=\"Expand\">Expand<\/i><\/a>\n\t\t\t\t\t<p>Las clases de K\u00ednder a 8.\u00ba grado tendr\u00e1n un m\u00e1ximo de 25 estudiantes. La proporci\u00f3n de adultos por ni\u00f1o es de 1:12 en todas las clases de K\u00ednder a 8.\u00ba grado, con un maestro certificado y un asistente educativo certificado asignados a cada aula. Las clases de preescolar y las clases de preescolar multigrado con ni\u00f1os de 3 a\u00f1os tendr\u00e1n una proporci\u00f3n de adultos por ni\u00f1o de 1:12, y las clases de preescolar con ni\u00f1os de 4 a 5 a\u00f1os tendr\u00e1n una proporci\u00f3n de adultos por ni\u00f1o de 1:14. Cada clase de preescolar contar\u00e1 con un maestro y un asistente educativo.<\/p>\n\t\t\t\t\t<a href=\"#\"  id=\"fl-accordion--label-5\" tabindex=\"0\" aria-controls=\"fl-accordion--panel-5\">\u00bfSe proporcionar\u00e1 el almuerzo?<\/a>\n\t\t\t\t\t\t\t\t\t\t\t<a href=\"#\" id=\"fl-accordion--icon-5\"  tabindex=\"0\"><i title=\"Expand\">Expand<\/i><\/a>\n\t\t\t\t\t<p>Las familias deber\u00e1n preparar el almuerzo de sus hijos en casa. Los estudiantes que asistan a clases de jornada completa recibir\u00e1n refrigerios nutritivos proporcionados por la Academia Ave Maria.<\/p>\n\t\t\t\t\t<a href=\"#\"  id=\"fl-accordion--label-6\" tabindex=\"0\" aria-controls=\"fl-accordion--panel-6\">\u00bfHabr\u00e1 una enfermera escolar?<\/a>\n\t\t\t\t\t\t\t\t\t\t\t<a href=\"#\" id=\"fl-accordion--icon-6\"  tabindex=\"0\"><i title=\"Expand\">Expand<\/i><\/a>\n\t\t\t\t\t<p>Todo el personal de la Academia Ave Maria estar\u00e1 capacitado en primeros auxilios, maniobra de Heimlich, respuesta ante convulsiones, administraci\u00f3n de medicamentos recetados, planificaci\u00f3n de acciones de emergencia y manejo de pat\u00f3genos transmitidos por la sangre. Una enfermera supervisora \u200b\u200bde la Oficina de Escuelas Cat\u00f3licas trabajar\u00e1 con la Academia Ave Maria como consultora, especialmente para estudiantes que puedan tener necesidades m\u00e9dicas m\u00e1s complejas. Habr\u00e1 una enfermera disponible en caso de ser necesario.<\/p>\n\t\t\t\t\t<a href=\"#\"  id=\"fl-accordion--label-7\" tabindex=\"0\" aria-controls=\"fl-accordion--panel-7\">\u00bfQu\u00e9 apoyo estar\u00e1 disponible para los estudiantes con necesidades especiales?<\/a>\n\t\t\t\t\t\t\t\t\t\t\t<a href=\"#\" id=\"fl-accordion--icon-7\"  tabindex=\"0\"><i title=\"Expand\">Expand<\/i><\/a>\n\t\t\t\t\t<p>La Academia Ave Maria est\u00e1 comprometida con la plena inclusi\u00f3n de los estudiantes con necesidades especiales. Reconocemos su dignidad inherente como seres creados a imagen de Dios y garantizaremos su participaci\u00f3n equitativa, construyendo comunidades inclusivas donde cada ni\u00f1o prospere. Esto se lograr\u00e1 a trav\u00e9s de s\u00f3lidas alianzas con el distrito escolar p\u00fablico, las familias, la di\u00f3cesis y otros proveedores locales.<\/p>\n\t\t\t\t\t<a href=\"#\"  id=\"fl-accordion--label-8\" tabindex=\"0\" aria-controls=\"fl-accordion--panel-8\">\u00bfLa escuela aceptar\u00e1 los IEP (Programas de Educaci\u00f3n Individualizada)?<\/a>\n\t\t\t\t\t\t\t\t\t\t\t<a href=\"#\" id=\"fl-accordion--icon-8\"  tabindex=\"0\"><i title=\"Expand\">Expand<\/i><\/a>\n\t\t\t\t\t<p>La Academia Ave Maria apoyar\u00e1 a los estudiantes con necesidades especiales cumpliendo con la IDEA (Ley de Educaci\u00f3n para Personas con Discapacidades), que requiere servicios proporcionados por el distrito p\u00fablico a trav\u00e9s de un Plan de Servicios (no un IEP), ofreciendo servicios equitativos financiados mediante la participaci\u00f3n proporcional y utilizando becas como la de Jon Peterson. Si bien la Academia Ave Maria no desarrollar\u00e1 el IEP, nos comprometemos a implementarlo en colaboraci\u00f3n con el distrito p\u00fablico, que desarrolla y gestiona el marco general de educaci\u00f3n especial para el ni\u00f1o, a fin de garantizar una Educaci\u00f3n P\u00fablica Gratuita y Apropiada (FAPE) para los estudiantes elegibles.<\/p>\n\t\t\t\t\t<a href=\"#\"  id=\"fl-accordion--label-9\" tabindex=\"0\" aria-controls=\"fl-accordion--panel-9\">\u00bfLos estudiantes tendr\u00e1n la oportunidad de participar en deportes?<\/a>\n\t\t\t\t\t\t\t\t\t\t\t<a href=\"#\" id=\"fl-accordion--icon-9\"  tabindex=\"0\"><i title=\"Expand\">Expand<\/i><\/a>\n\t\t\t\t\t<p>\u00a1S\u00ed! Se ofrecer\u00e1n deportes y otras actividades a trav\u00e9s de la Organizaci\u00f3n Cat\u00f3lica Juvenil de Columbus a partir del jard\u00edn de infancia.<\/p>\n\t\t\t\t\t<a href=\"#\"  id=\"fl-accordion--label-10\" tabindex=\"0\" aria-controls=\"fl-accordion--panel-10\">\u00bfHabr\u00e1 oportunidades para que los estudiantes asistan a misa?<\/a>\n\t\t\t\t\t\t\t\t\t\t\t<a href=\"#\" id=\"fl-accordion--icon-10\"  tabindex=\"0\"><i title=\"Expand\">Expand<\/i><\/a>\n\t\t\t\t\t<p>S\u00ed. Los estudiantes participar\u00e1n en la oraci\u00f3n diaria, la misa semanal y la adoraci\u00f3n, seg\u00fan corresponda a sus edades, seg\u00fan lo determinen el Padre Schalk y las Hermanitas Siervas.<\/p>\n\t\t\t\t\t<a href=\"#\"  id=\"fl-accordion--label-11\" tabindex=\"0\" aria-controls=\"fl-accordion--panel-11\">\u00bfHabr\u00e1 misa despu\u00e9s de la llegada de los ni\u00f1os por la ma\u00f1ana para que los padres puedan quedarse f\u00e1cilmente?<\/a>\n\t\t\t\t\t\t\t\t\t\t\t<a href=\"#\" id=\"fl-accordion--icon-11\"  tabindex=\"0\"><i title=\"Expand\">Expand<\/i><\/a>\n\t\t\t\t\t<p>Si bien a\u00fan no hemos creado el horario escolar diario\/semanal, las oportunidades semanales para la misa familiar por la ma\u00f1ana son una prioridad.<\/p>\n\t\t\t\t\t<a href=\"#\"  id=\"fl-accordion--label-12\" tabindex=\"0\" aria-controls=\"fl-accordion--panel-12\">\u00bfHabr\u00e1 transporte escolar en autob\u00fas amarillo?<\/a>\n\t\t\t\t\t\t\t\t\t\t\t<a href=\"#\" id=\"fl-accordion--icon-12\"  tabindex=\"0\"><i title=\"Expand\">Expand<\/i><\/a>\n\t\t\t\t\t<p>S\u00ed, como escuela privada autorizada, la escuela p\u00fablica del distrito de residencia del ni\u00f1o est\u00e1 legalmente obligada a proporcionar transporte escolar para los alumnos de jard\u00edn de infancia a octavo grado desde su domicilio hasta la Academia Ave Maria SI el ni\u00f1o vive a m\u00e1s de dos millas de la escuela Y si el trayecto en autob\u00fas dura menos de 30 minutos. En algunos casos, el distrito puede ofrecer una compensaci\u00f3n por el transporte cuando este se considere inviable. Los padres deben solicitar el transporte en autob\u00fas escolar a trav\u00e9s de su distrito escolar p\u00fablico.<\/p>\n\t\t\t<a href=\"https:\/\/avemariaspsjoa.org\/spanish\/contact\/\" target=\"_self\">\n\t\t\t\t\t\t\t\u00bfTienes Preguntas? \u00a1Cont\u00e1ctanos hoy mismo!\n\t\t\t\t\t<\/a>\n\n","protected":false},"excerpt":{"rendered":"<p>Preguntas Frecuentes \u00bfCu\u00e1l es el horario escolar? Expand El horario de clases es de 8:30 a. m. a 3:30 p. m., de lunes a viernes. El preescolar de la ma\u00f1ana es de 8:30 a. m. a 11:30 a. m., con opciones de cuidado antes y despu\u00e9s del horario escolar. \u00bfCu\u00e1l es el costo de la [&hellip;]<\/p>\n","protected":false},"author":1,"featured_media":0,"parent":12,"menu_order":0,"comment_status":"closed","ping_status":"closed","template":"","meta":{"footnotes":""},"class_list":["post-153","page","type-page","status-publish","hentry"],"_links":{"self":[{"href":"https:\/\/avemariaspsjoa.org\/spanish\/wp-json\/wp\/v2\/pages\/153","targetHints":{"allow":["GET"]}}],"collection":[{"href":"https:\/\/avemariaspsjoa.org\/spanish\/wp-json\/wp\/v2\/pages"}],"about":[{"href":"https:\/\/avemariaspsjoa.org\/spanish\/wp-json\/wp\/v2\/types\/page"}],"author":[{"embeddable":true,"href":"https:\/\/avemariaspsjoa.org\/spanish\/wp-json\/wp\/v2\/users\/1"}],"replies":[{"embeddable":true,"href":"https:\/\/avemariaspsjoa.org\/spanish\/wp-json\/wp\/v2\/comments?post=153"}],"version-history":[{"count":4,"href":"https:\/\/avemariaspsjoa.org\/spanish\/wp-json\/wp\/v2\/pages\/153\/revisions"}],"predecessor-version":[{"id":235,"href":"https:\/\/avemariaspsjoa.org\/spanish\/wp-json\/wp\/v2\/pages\/153\/revisions\/235"}],"up":[{"embeddable":true,"href":"https:\/\/avemariaspsjoa.org\/spanish\/wp-json\/wp\/v2\/pages\/12"}],"wp:attachment":[{"href":"https:\/\/avemariaspsjoa.org\/spanish\/wp-json\/wp\/v2\/media?parent=153"}],"curies":[{"name":"wp","href":"https:\/\/api.w.org\/{rel}","templated":true}]}}