{"id":143,"date":"2026-01-15T14:35:23","date_gmt":"2026-01-15T19:35:23","guid":{"rendered":"https:\/\/avemariaspsjoa.org\/spanish\/?page_id=143"},"modified":"2026-01-16T09:27:36","modified_gmt":"2026-01-16T14:27:36","slug":"proceso-de-admision","status":"publish","type":"page","link":"https:\/\/avemariaspsjoa.org\/spanish\/admisiones\/proceso-de-admision\/","title":{"rendered":"Proceso de Admisi\u00f3n"},"content":{"rendered":"\n<h1>\n\t\t\tProceso de Admisi\u00f3n\t<\/h1>\n<h1>\n\t\t\tPol\u00edticas de solicitud para nuevas familias de Ave Maria Academy\t<\/h1>\n<h3>\n\t\t\tC\u00f3mo solicitar la admisi\u00f3n\t<\/h3>\n<h3>\n\t\t\tFechas de solicitud para el curso 2026-2027\t<\/h3>\n\t<ul>\n<li>12 de enero de 2026: Apertura del portal de registro<\/li>\n<li>Del 12 de enero al 12 de febrero de 2026: Inscripci\u00f3n prioritaria (las familias tienen prioridad para la entrevista)<\/li>\n<li>Del 12 de febrero al 12 de marzo de 2026: Per\u00edodo de inscripci\u00f3n regular<\/li>\n<li>Solicitudes tard\u00edas: Se aceptan de forma continua si hay plazas disponibles<\/li>\n<\/ul>\n<h3>\n\t\t\tDocumentos de solicitud\t<\/h3>\n\t<p>Se requiere la siguiente informaci\u00f3n al momento de la solicitud. Las solicitudes no se consideran completas hasta que se reciban todos los documentos y tarifas requeridos. Las solicitudes tard\u00edas se colocan al final de la lista de espera. Formulario de solicitud en l\u00ednea (disponible en avemariaspsjoa.org\/apply)<\/p>\n<ul>\n<li>Certificado de nacimiento (solo copia)<\/li>\n<li>Certificado de bautismo (si es cat\u00f3lico) (solo copia)<\/li>\n<li>Cuota de solicitud no reembolsable de $120 por ni\u00f1o (se paga en l\u00ednea a trav\u00e9s del formulario de solicitud)<\/li>\n<li>Copia de los documentos de custodia si los padres est\u00e1n separados o divorciados<\/li>\n<\/ul>\n<h3>\n\t\t\tRequisitos de edad\t<\/h3>\n\t<p>Para ingresar a preescolar, el ni\u00f1o debe tener 3 a\u00f1os cumplidos el 30 de septiembre de 2026 o antes.<\/p>\n<p>Para ingresar a k\u00ednder, el ni\u00f1o debe tener 5 a\u00f1os cumplidos el 30 de septiembre de 2026 o antes.<\/p>\n<h3>\n\t\t\tCriterios de admisi\u00f3n\t<\/h3>\n\t<p>Las solicitudes de admisi\u00f3n se clasificar\u00e1n seg\u00fan las siguientes prioridades:<\/p>\n<ul>\n<li>Hermanos de familias con hijos ya matriculados en la escuela o preescolar.<\/li>\n<li>Antig\u00fcedad como miembro de la parroquia.<\/li>\n<li>Contribuciones regulares a la parroquia.<\/li>\n<li>Contribuciones a las campa\u00f1as de recaudaci\u00f3n de fondos de la parroquia.<\/li>\n<li>Participaci\u00f3n en los programas de la parroquia, la escuela y el preescolar.<\/li>\n<li>Otras prioridades, como traslados, seg\u00fan lo estipulado en el Reglamento Diocesano 5119-1.<\/li>\n<\/ul>\n<h3>\n\t\t\tMatr\u00edcula continua\t<\/h3>\n\t<p>Los ni\u00f1os de k\u00ednder a s\u00e9ptimo grado actualmente matriculados tienen garantizada la admisi\u00f3n para el siguiente a\u00f1o escolar. Los estudiantes de preescolar ser\u00e1n considerados seg\u00fan los criterios de admisi\u00f3n mencionados anteriormente. De acuerdo con las regulaciones estatales, todos los ni\u00f1os que soliciten ingreso a k\u00ednder deben completar el proceso de solicitud para nuevos estudiantes. Los ni\u00f1os matriculados en Ave Maria Academy al momento de la solicitud estar\u00e1n exentos de la cuota de solicitud no reembolsable.<\/p>\n<h3>\n\t\t\tNotificaci\u00f3n de admisi\u00f3n\t<\/h3>\n\t<p>Como parte de nuestro proceso, las familias participar\u00e1n en una entrevista familiar con miembros de nuestro Comit\u00e9 Asesor de Padres, que se programar\u00e1 dentro de las tres semanas posteriores a la recepci\u00f3n de su registro de matr\u00edcula; para ayudarles a prepararse, les proporcionaremos las preguntas de la entrevista con anticipaci\u00f3n.<\/p>\n<p>Ave Maria Academy realiza entrevistas familiares como parte de su proceso de admisi\u00f3n para garantizar la alineaci\u00f3n en la fe, los valores y las expectativas educativas, al tiempo que brinda a las familias la oportunidad de hacer preguntas, comprender la misi\u00f3n de la escuela y discernir si la escuela es la opci\u00f3n espiritual y acad\u00e9mica adecuada para su hijo.<\/p>\n<p>Los padres ser\u00e1n notificados del estado de admisi\u00f3n (admisi\u00f3n o posici\u00f3n en la lista de espera) por correo electr\u00f3nico para el a\u00f1o escolar 2026-2027.<\/p>\n<h3>\n\t\t\tLista de espera\t<\/h3>\n\t<p>Si el n\u00famero de solicitantes supera el n\u00famero de plazas disponibles, se establecer\u00e1 una lista de espera. Las familias a las que se les ofrezca una plaza tienen 24 horas para responder. Si a un estudiante se le ofrece una plaza ANTES del comienzo del a\u00f1o escolar y no la acepta, se informar\u00e1 a los padres. Se ofrece la opci\u00f3n de permanecer al final de la lista de espera actual o ser eliminado de la lista. Si a un estudiante se le ofrece la admisi\u00f3n DURANTE el a\u00f1o escolar y no la acepta, los padres tendr\u00e1n la opci\u00f3n de solicitar la admisi\u00f3n para el comienzo del siguiente a\u00f1o escolar o ser eliminados por completo de la lista. La administraci\u00f3n escolar considerar\u00e1 por separado las circunstancias especiales para no aceptar la admisi\u00f3n (como una enfermedad). Se establecer\u00e1 una nueva lista de espera para cada a\u00f1o escolar. Ser\u00e1 necesario participar en el proceso de solicitud anual para ser considerado para el siguiente a\u00f1o escolar, incluso si ya se encuentra en la lista de espera actual.<\/p>\n<h3>\n\t\t\tAceptaci\u00f3n e inscripci\u00f3n\t<\/h3>\n\t<p>Tras la notificaci\u00f3n de aceptaci\u00f3n, por favor, pague la tarifa de aceptaci\u00f3n en l\u00ednea de $150 por estudiante. Esta tarifa de aceptaci\u00f3n, que se paga una sola vez, no es reembolsable, pero el monto se acreditar\u00e1 a la matr\u00edcula de su hijo. Esta tarifa debe pagarse dentro de los 7 d\u00edas h\u00e1biles posteriores a la notificaci\u00f3n de aceptaci\u00f3n para reservar el lugar de su hijo.<\/p>\n<h3>\n\t\t\tPlan de pago de matr\u00edcula\t<\/h3>\n\t<p>La matr\u00edcula de Ave Maria Academy se paga a trav\u00e9s del programa FACTS. FACTS se encarga de todo el procesamiento de pagos para Ave Maria Academy.<\/p>\n<h3>\n\t\t\tOpciones de pago:\t<\/h3>\n\t<p>Las familias pueden optar por pagar la matr\u00edcula en un solo pago, pagos semestrales, pagos trimestrales o 10 a 12 pagos mensuales.<\/p>\n<p>Las familias pueden elegir que los pagos se realicen el d\u00eda 5 o el 20 de cada mes. Todos los pagos de matr\u00edcula comienzan en julio y se pagan en su totalidad antes de junio.<\/p>\n<p>Las familias deben enviar una confirmaci\u00f3n de la cuenta de matr\u00edcula de FACTS establecida junto con la tarifa de aceptaci\u00f3n no reembolsable ($150) dentro de los 7 d\u00edas h\u00e1biles posteriores a la recepci\u00f3n de la aceptaci\u00f3n de Ave Maria Academy. Esta tarifa se aplica a la matr\u00edcula.<\/p>\n<h3>\n\t\t\tRetiros\t<\/h3>\n\t<p>Un retiro incluye a las familias nuevas que han firmado un formulario de aceptaci\u00f3n o a las familias que se han reinscrito para el pr\u00f3ximo a\u00f1o escolar.<\/p>\n<p>Las siguientes pol\u00edticas se aplican a los estudiantes que se retiran antes del comienzo del a\u00f1o escolar:<\/p>\n<p>Si se notifica a la escuela del retiro entre el 30 de junio y el 31 de julio, se aplicar\u00e1 una multa por retiro equivalente al 10% del total de la matr\u00edcula.<\/p>\n\t\t\t<a href=\"https:\/\/avemariaspsjoa.org\/spanish\/contact\/\" target=\"_self\">\n\t\t\t\t\t\t\t\u00bfTiene Preguntas? \u00a1Cont\u00e1ctenos hoy mismo!\n\t\t\t\t\t<\/a>\n\n","protected":false},"excerpt":{"rendered":"<p>Proceso de Admisi\u00f3n Pol\u00edticas de solicitud para nuevas familias de Ave Maria Academy C\u00f3mo solicitar la admisi\u00f3n Fechas de solicitud para el curso 2026-2027 12 de enero de 2026: Apertura del portal de registro Del 12 de enero al 12 de febrero de 2026: Inscripci\u00f3n prioritaria (las familias tienen prioridad para la entrevista) Del 12 [&hellip;]<\/p>\n","protected":false},"author":1,"featured_media":0,"parent":12,"menu_order":0,"comment_status":"closed","ping_status":"closed","template":"","meta":{"footnotes":""},"class_list":["post-143","page","type-page","status-publish","hentry"],"_links":{"self":[{"href":"https:\/\/avemariaspsjoa.org\/spanish\/wp-json\/wp\/v2\/pages\/143","targetHints":{"allow":["GET"]}}],"collection":[{"href":"https:\/\/avemariaspsjoa.org\/spanish\/wp-json\/wp\/v2\/pages"}],"about":[{"href":"https:\/\/avemariaspsjoa.org\/spanish\/wp-json\/wp\/v2\/types\/page"}],"author":[{"embeddable":true,"href":"https:\/\/avemariaspsjoa.org\/spanish\/wp-json\/wp\/v2\/users\/1"}],"replies":[{"embeddable":true,"href":"https:\/\/avemariaspsjoa.org\/spanish\/wp-json\/wp\/v2\/comments?post=143"}],"version-history":[{"count":4,"href":"https:\/\/avemariaspsjoa.org\/spanish\/wp-json\/wp\/v2\/pages\/143\/revisions"}],"predecessor-version":[{"id":224,"href":"https:\/\/avemariaspsjoa.org\/spanish\/wp-json\/wp\/v2\/pages\/143\/revisions\/224"}],"up":[{"embeddable":true,"href":"https:\/\/avemariaspsjoa.org\/spanish\/wp-json\/wp\/v2\/pages\/12"}],"wp:attachment":[{"href":"https:\/\/avemariaspsjoa.org\/spanish\/wp-json\/wp\/v2\/media?parent=143"}],"curies":[{"name":"wp","href":"https:\/\/api.w.org\/{rel}","templated":true}]}}