{"id":14,"date":"2026-01-08T13:24:57","date_gmt":"2026-01-08T18:24:57","guid":{"rendered":"http:\/\/104.247.72.45\/~avem\/?page_id=14"},"modified":"2026-01-16T11:03:23","modified_gmt":"2026-01-16T16:03:23","slug":"padres-de-familia","status":"publish","type":"page","link":"https:\/\/avemariaspsjoa.org\/spanish\/padres-de-familia\/","title":{"rendered":"PADRES DE FAMILIA"},"content":{"rendered":"\n<h1>\n\t\t\tPadres\t<\/h1>\n<h3>\n\t\t<a href=\"https:\/\/avemariaspsjoa.org\/spanish\/padres-de-familia\/nuestros-eventos\/\" title=\"Eventos &amp; Calendario\"  target=\"_self\">\n\t\t\tEventos &#038; Calendario\t\t<\/a>\n\t<\/h3>\n<h3>\n\t\t\tReglamento, Integrantes y Agendas\/Actas de la Asociaci\u00f3n de Padres y Escuela\t<\/h3>\n<h3>\n\t\t<a href=\"https:\/\/avemariaspsjoa.org\/spanish\/padres-de-familia\/recursos-para-padres-familias\/\" title=\"Recursos para Padres y Familias\"  target=\"_self\">\n\t\t\tRecursos para Padres y Familias\t\t<\/a>\n\t<\/h3>\n<h3>\n\t\t<a href=\"https:\/\/avemariaspsjoa.org\/spanish\/padres-de-familia\/participa\/\" title=\"Participa\"  target=\"_self\">\n\t\t\tParticipa\t\t<\/a>\n\t<\/h3>\n<h3>\n\t\t\tMisi\u00f3n de la Academia Ave Mar\u00eda\t<\/h3>\n<p>Arraigada en nuestra identidad cat\u00f3lica y en nuestra profunda creencia en la presencia real de Jes\u00fas en la Eucarist\u00eda, nuestra escuela existe para formar disc\u00edpulos de Cristo que crezcan en comuni\u00f3n con Dios y entre s\u00ed, y que, junto con sus familias, practiquen un compromiso inquebrantable con nuestra fe y la excelencia acad\u00e9mica.<\/p>\n\t\t\t\t<img decoding=\"async\" src=\"https:\/\/avemariaspsjoa.org\/spanish\/wp-content\/uploads\/sites\/2\/2026\/01\/subpage-001.png\" alt=\"subpage-001\" itemprop=\"image\" height=\"800\" width=\"1200\" title=\"subpage-001\" onerror=\"this.style.display='none'\" loading=\"lazy\" \/>\n\t\t\t<a href=\"https:\/\/avemariaspsjoa.org\/spanish\/contact\/\" target=\"_self\">\n\t\t\t\t\t\t\t\u00bfTienes Preguntas? \u00a1Cont\u00e1ctanos hoy mismo!\n\t\t\t\t\t<\/a>\n\n","protected":false},"excerpt":{"rendered":"<p>Padres Eventos &#038; Calendario Reglamento, Integrantes y Agendas\/Actas de la Asociaci\u00f3n de Padres y Escuela Recursos para Padres y Familias Participa Misi\u00f3n de la Academia Ave Mar\u00eda Arraigada en nuestra identidad cat\u00f3lica y en nuestra profunda creencia en la presencia real de Jes\u00fas en la Eucarist\u00eda, nuestra escuela existe para formar disc\u00edpulos de Cristo que [&hellip;]<\/p>\n","protected":false},"author":1,"featured_media":0,"parent":0,"menu_order":0,"comment_status":"closed","ping_status":"closed","template":"","meta":{"footnotes":""},"class_list":["post-14","page","type-page","status-publish","hentry"],"_links":{"self":[{"href":"https:\/\/avemariaspsjoa.org\/spanish\/wp-json\/wp\/v2\/pages\/14","targetHints":{"allow":["GET"]}}],"collection":[{"href":"https:\/\/avemariaspsjoa.org\/spanish\/wp-json\/wp\/v2\/pages"}],"about":[{"href":"https:\/\/avemariaspsjoa.org\/spanish\/wp-json\/wp\/v2\/types\/page"}],"author":[{"embeddable":true,"href":"https:\/\/avemariaspsjoa.org\/spanish\/wp-json\/wp\/v2\/users\/1"}],"replies":[{"embeddable":true,"href":"https:\/\/avemariaspsjoa.org\/spanish\/wp-json\/wp\/v2\/comments?post=14"}],"version-history":[{"count":13,"href":"https:\/\/avemariaspsjoa.org\/spanish\/wp-json\/wp\/v2\/pages\/14\/revisions"}],"predecessor-version":[{"id":244,"href":"https:\/\/avemariaspsjoa.org\/spanish\/wp-json\/wp\/v2\/pages\/14\/revisions\/244"}],"wp:attachment":[{"href":"https:\/\/avemariaspsjoa.org\/spanish\/wp-json\/wp\/v2\/media?parent=14"}],"curies":[{"name":"wp","href":"https:\/\/api.w.org\/{rel}","templated":true}]}}