{"id":139,"date":"2026-01-15T14:24:21","date_gmt":"2026-01-15T19:24:21","guid":{"rendered":"https:\/\/avemariaspsjoa.org\/spanish\/?page_id=139"},"modified":"2026-01-16T09:25:32","modified_gmt":"2026-01-16T14:25:32","slug":"fe-y-formacion","status":"publish","type":"page","link":"https:\/\/avemariaspsjoa.org\/spanish\/admisiones\/fe-y-formacion\/","title":{"rendered":"Fe y formaci\u00f3n"},"content":{"rendered":"\n<h1>\n\t\t\t Fe y formaci\u00f3n\t<\/h1>\n\t<p>Ave Maria Academy es una escuela cat\u00f3lica cuya misi\u00f3n, gobierno, plan de estudios y pr\u00e1cticas diarias est\u00e1n firmemente arraigados en las ense\u00f1anzas de la Iglesia Cat\u00f3lica Romana. La escuela ofrece instrucci\u00f3n catequ\u00e9tica sistem\u00e1tica y basada en est\u00e1ndares, en plena fidelidad al Catecismo de la Iglesia Cat\u00f3lica, a los Est\u00e1ndares y Gu\u00edas Curriculares de Religi\u00f3n de la Di\u00f3cesis de Columbus, y a las pol\u00edticas diocesanas aplicables.<\/p>\n<p>La instrucci\u00f3n religiosa es apropiada para cada etapa del desarrollo, secuencial e integrada a lo largo del plan de estudios para apoyar la formaci\u00f3n integral del estudiante: espiritual, intelectual, social y moralmente. La identidad cat\u00f3lica se expresa intencionalmente mediante la oraci\u00f3n, la liturgia, la formaci\u00f3n en las virtudes, el servicio y la integraci\u00f3n de la fe en todas las disciplinas acad\u00e9micas.<\/p>\n<p>La preparaci\u00f3n sacramental se lleva a cabo en colaboraci\u00f3n con la parroquia y de acuerdo con las normas diocesanas, reconociendo a los padres como los principales educadores de sus hijos en la fe. La escuela apoya activamente la participaci\u00f3n de los estudiantes en la vida sacramental y lit\u00fargica de la Iglesia.<\/p>\n<p>Todo el personal docente y administrativo est\u00e1 orientado a la misi\u00f3n cat\u00f3lica de la escuela y se espera que modele los valores del Evangelio, apoye la ense\u00f1anza de la Iglesia y contribuya a un ambiente de aprendizaje lleno de fe. La formaci\u00f3n profesional continua a trav\u00e9s del Catechetical Institute garantiza que las pr\u00e1cticas pedag\u00f3gicas y la ense\u00f1anza catequ\u00e9tica permanezcan alineadas con las expectativas diocesanas y los est\u00e1ndares de acreditaci\u00f3n.<\/p>\n<p>A trav\u00e9s de pr\u00e1cticas intencionales de identidad cat\u00f3lica y una catequesis fiel, Ave Maria Academy cumple con su responsabilidad de formar a los estudiantes como disc\u00edpulos de Jesucristo y miembros activos de la Iglesia.<\/p>\n<p>Est\u00e1ndares Curriculares Religiosos de la Oficina de Escuelas Cat\u00f3licas.<\/p>\n\t\t\t<a href=\"https:\/\/avemariaspsjoa.org\/spanish\/contact\/\" target=\"_self\">\n\t\t\t\t\t\t\t\u00bfTiene Preguntas? \u00a1Cont\u00e1ctenos hoy mismo!\n\t\t\t\t\t<\/a>\n\n","protected":false},"excerpt":{"rendered":"<p>Fe y formaci\u00f3n Ave Maria Academy es una escuela cat\u00f3lica cuya misi\u00f3n, gobierno, plan de estudios y pr\u00e1cticas diarias est\u00e1n firmemente arraigados en las ense\u00f1anzas de la Iglesia Cat\u00f3lica Romana. La escuela ofrece instrucci\u00f3n catequ\u00e9tica sistem\u00e1tica y basada en est\u00e1ndares, en plena fidelidad al Catecismo de la Iglesia Cat\u00f3lica, a los Est\u00e1ndares y Gu\u00edas Curriculares [&hellip;]<\/p>\n","protected":false},"author":1,"featured_media":0,"parent":12,"menu_order":0,"comment_status":"closed","ping_status":"closed","template":"","meta":{"footnotes":""},"class_list":["post-139","page","type-page","status-publish","hentry"],"_links":{"self":[{"href":"https:\/\/avemariaspsjoa.org\/spanish\/wp-json\/wp\/v2\/pages\/139","targetHints":{"allow":["GET"]}}],"collection":[{"href":"https:\/\/avemariaspsjoa.org\/spanish\/wp-json\/wp\/v2\/pages"}],"about":[{"href":"https:\/\/avemariaspsjoa.org\/spanish\/wp-json\/wp\/v2\/types\/page"}],"author":[{"embeddable":true,"href":"https:\/\/avemariaspsjoa.org\/spanish\/wp-json\/wp\/v2\/users\/1"}],"replies":[{"embeddable":true,"href":"https:\/\/avemariaspsjoa.org\/spanish\/wp-json\/wp\/v2\/comments?post=139"}],"version-history":[{"count":4,"href":"https:\/\/avemariaspsjoa.org\/spanish\/wp-json\/wp\/v2\/pages\/139\/revisions"}],"predecessor-version":[{"id":221,"href":"https:\/\/avemariaspsjoa.org\/spanish\/wp-json\/wp\/v2\/pages\/139\/revisions\/221"}],"up":[{"embeddable":true,"href":"https:\/\/avemariaspsjoa.org\/spanish\/wp-json\/wp\/v2\/pages\/12"}],"wp:attachment":[{"href":"https:\/\/avemariaspsjoa.org\/spanish\/wp-json\/wp\/v2\/media?parent=139"}],"curies":[{"name":"wp","href":"https:\/\/api.w.org\/{rel}","templated":true}]}}