{"id":135,"date":"2026-01-15T14:22:02","date_gmt":"2026-01-15T19:22:02","guid":{"rendered":"https:\/\/avemariaspsjoa.org\/spanish\/?page_id=135"},"modified":"2026-01-16T10:58:20","modified_gmt":"2026-01-16T15:58:20","slug":"por-que-elegir-ave-maria-academy","status":"publish","type":"page","link":"https:\/\/avemariaspsjoa.org\/spanish\/admisiones\/por-que-elegir-ave-maria-academy\/","title":{"rendered":"\u00bfPor qu\u00e9 elegir Ave Maria Academy?"},"content":{"rendered":"\n<h1>\n\t\t\t\u00bfPor qu\u00e9 elegir Ave Maria Academy?\t<\/h1>\n\t<p>Elegir Ave Maria Academy en Columbus significa confiar la educaci\u00f3n de su hijo a una escuela donde la fe, la virtud y la excelencia acad\u00e9mica est\u00e1n intr\u00ednsecamente unidas. Desde nuestra escuela preescolar cat\u00f3lica basada en el juego, dirigida por las Hermanitas Siervas de la Inmaculada Concepci\u00f3n, hasta una aut\u00e9ntica educaci\u00f3n cl\u00e1sica en los grados 1 a 8, los estudiantes se forman intelectual, espiritual y moralmente. Guiada por las Hermanitas de la Inmaculada Concepci\u00f3n, enriquecida por la Catequesis del Buen Pastor y fundamentada en la integraci\u00f3n curricular cat\u00f3lica, la Academia nutre al ni\u00f1o en su totalidad: mente, coraz\u00f3n y alma. Las familias pueden tener la seguridad de que sus hijos no solo adquirir\u00e1n una s\u00f3lida formaci\u00f3n acad\u00e9mica, sino que tambi\u00e9n crecer\u00e1n en virtud, desarrollar\u00e1n el pensamiento cr\u00edtico y cultivar\u00e1n un amor por Dios y el pr\u00f3jimo que perdurar\u00e1 toda la vida, prepar\u00e1ndolos para ser miembros fieles, reflexivos y comprometidos tanto de la Iglesia como de la sociedad.<\/p>\n\t\t\t\t<img decoding=\"async\" src=\"https:\/\/avemariaspsjoa.org\/spanish\/wp-content\/uploads\/sites\/2\/2026\/01\/programoverviw-logo.png\" alt=\"programoverviw-logo\" itemprop=\"image\" height=\"168\" width=\"150\" title=\"programoverviw-logo\" onerror=\"this.style.display='none'\" loading=\"lazy\" \/>\n\t\t\t<a href=\"https:\/\/avemariaspsjoa.org\/spanish\/contact\/\" target=\"_self\">\n\t\t\t\t\t\t\t\u00bfTiene Preguntas? \u00a1Cont\u00e1ctenos hoy mismo!\n\t\t\t\t\t<\/a>\n\n","protected":false},"excerpt":{"rendered":"<p>\u00bfPor qu\u00e9 elegir Ave Maria Academy? Elegir Ave Maria Academy en Columbus significa confiar la educaci\u00f3n de su hijo a una escuela donde la fe, la virtud y la excelencia acad\u00e9mica est\u00e1n intr\u00ednsecamente unidas. Desde nuestra escuela preescolar cat\u00f3lica basada en el juego, dirigida por las Hermanitas Siervas de la Inmaculada Concepci\u00f3n, hasta una aut\u00e9ntica [&hellip;]<\/p>\n","protected":false},"author":1,"featured_media":0,"parent":12,"menu_order":0,"comment_status":"closed","ping_status":"closed","template":"","meta":{"footnotes":""},"class_list":["post-135","page","type-page","status-publish","hentry"],"_links":{"self":[{"href":"https:\/\/avemariaspsjoa.org\/spanish\/wp-json\/wp\/v2\/pages\/135","targetHints":{"allow":["GET"]}}],"collection":[{"href":"https:\/\/avemariaspsjoa.org\/spanish\/wp-json\/wp\/v2\/pages"}],"about":[{"href":"https:\/\/avemariaspsjoa.org\/spanish\/wp-json\/wp\/v2\/types\/page"}],"author":[{"embeddable":true,"href":"https:\/\/avemariaspsjoa.org\/spanish\/wp-json\/wp\/v2\/users\/1"}],"replies":[{"embeddable":true,"href":"https:\/\/avemariaspsjoa.org\/spanish\/wp-json\/wp\/v2\/comments?post=135"}],"version-history":[{"count":4,"href":"https:\/\/avemariaspsjoa.org\/spanish\/wp-json\/wp\/v2\/pages\/135\/revisions"}],"predecessor-version":[{"id":238,"href":"https:\/\/avemariaspsjoa.org\/spanish\/wp-json\/wp\/v2\/pages\/135\/revisions\/238"}],"up":[{"embeddable":true,"href":"https:\/\/avemariaspsjoa.org\/spanish\/wp-json\/wp\/v2\/pages\/12"}],"wp:attachment":[{"href":"https:\/\/avemariaspsjoa.org\/spanish\/wp-json\/wp\/v2\/media?parent=135"}],"curies":[{"name":"wp","href":"https:\/\/api.w.org\/{rel}","templated":true}]}}