{"id":12,"date":"2026-01-08T13:24:45","date_gmt":"2026-01-08T18:24:45","guid":{"rendered":"http:\/\/104.247.72.45\/~avem\/?page_id=12"},"modified":"2026-01-16T10:59:50","modified_gmt":"2026-01-16T15:59:50","slug":"admisiones","status":"publish","type":"page","link":"https:\/\/avemariaspsjoa.org\/spanish\/admisiones\/","title":{"rendered":"\u00a0ADMISIONES"},"content":{"rendered":"\n<h1>\n\t\t\tAdmisiones\t<\/h1>\n<h3>\n\t\t<a href=\"https:\/\/avemariaspsjoa.org\/spanish\/admisiones\/por-que-elegir-ave-maria-academy\/\" title=\"\u00bfPor qu\u00e9 elegir Ave Maria Academy?\"  target=\"_self\">\n\t\t\t\u00bfPor qu\u00e9 elegir Ave Maria Academy?\t\t<\/a>\n\t<\/h3>\n<h3>\n\t\t<a href=\"https:\/\/avemariaspsjoa.org\/spanish\/admisiones\/proceso-de-admision\/\" title=\"Proceso de Inscripci\u00f3n\"  target=\"_self\">\n\t\t\tProceso de Inscripci\u00f3n\t\t<\/a>\n\t<\/h3>\n<h3>\n\t\t<a href=\"https:\/\/avemariaspsjoa.org\/spanish\/admisiones\/matricula-costos\/\" title=\"Matr\u00edcula &amp; Costos\"  target=\"_self\">\n\t\t\tMatr\u00edcula &#038; Costos\t\t<\/a>\n\t<\/h3>\n<h3>\n\t\t<a href=\"https:\/\/avemariaspsjoa.org\/spanish\/contacto\/\" title=\"Vis\u00edtenos \/ Programe una Visita\"  target=\"_self\">\n\t\t\tVis\u00edtenos \/ Programe una Visita\t\t<\/a>\n\t<\/h3>\n<h3>\n\t\t<a href=\"https:\/\/avemariaspsjoa.org\/spanish\/admisiones\/preguntas-frecuentes-de-la-academia-ave-maria\/\" title=\"Preguntas Frecuentes\"  target=\"_self\">\n\t\t\tPreguntas Frecuentes\t\t<\/a>\n\t<\/h3>\n<h3>\n\t\t\tMisi\u00f3n de la Academia Ave Mar\u00eda\t<\/h3>\n<p>Arraigada en nuestra identidad cat\u00f3lica y en nuestra profunda creencia en la presencia real de Jes\u00fas en la Eucarist\u00eda, nuestra escuela existe para formar disc\u00edpulos de Cristo que crezcan en comuni\u00f3n con Dios y entre s\u00ed, y que, junto con sus familias, practiquen un compromiso inquebrantable con nuestra fe y la excelencia acad\u00e9mica.<\/p>\n\t\t\t\t<img decoding=\"async\" src=\"https:\/\/avemariaspsjoa.org\/spanish\/wp-content\/uploads\/sites\/2\/2026\/01\/subpage-001.png\" alt=\"subpage-001\" itemprop=\"image\" height=\"800\" width=\"1200\" title=\"subpage-001\" onerror=\"this.style.display='none'\" loading=\"lazy\" \/>\n\t\t\t<a href=\"https:\/\/avemariaspsjoa.org\/spanish\/contact\/\" target=\"_self\">\n\t\t\t\t\t\t\t\u00bfTienes Preguntas? \u00a1Cont\u00e1ctanos hoy mismo!\n\t\t\t\t\t<\/a>\n\n","protected":false},"excerpt":{"rendered":"<p>Admisiones \u00bfPor qu\u00e9 elegir Ave Maria Academy? Proceso de Inscripci\u00f3n Matr\u00edcula &#038; Costos Vis\u00edtenos \/ Programe una Visita Preguntas Frecuentes Misi\u00f3n de la Academia Ave Mar\u00eda Arraigada en nuestra identidad cat\u00f3lica y en nuestra profunda creencia en la presencia real de Jes\u00fas en la Eucarist\u00eda, nuestra escuela existe para formar disc\u00edpulos de Cristo que crezcan [&hellip;]<\/p>\n","protected":false},"author":1,"featured_media":0,"parent":0,"menu_order":0,"comment_status":"closed","ping_status":"closed","template":"","meta":{"footnotes":""},"class_list":["post-12","page","type-page","status-publish","hentry"],"_links":{"self":[{"href":"https:\/\/avemariaspsjoa.org\/spanish\/wp-json\/wp\/v2\/pages\/12","targetHints":{"allow":["GET"]}}],"collection":[{"href":"https:\/\/avemariaspsjoa.org\/spanish\/wp-json\/wp\/v2\/pages"}],"about":[{"href":"https:\/\/avemariaspsjoa.org\/spanish\/wp-json\/wp\/v2\/types\/page"}],"author":[{"embeddable":true,"href":"https:\/\/avemariaspsjoa.org\/spanish\/wp-json\/wp\/v2\/users\/1"}],"replies":[{"embeddable":true,"href":"https:\/\/avemariaspsjoa.org\/spanish\/wp-json\/wp\/v2\/comments?post=12"}],"version-history":[{"count":13,"href":"https:\/\/avemariaspsjoa.org\/spanish\/wp-json\/wp\/v2\/pages\/12\/revisions"}],"predecessor-version":[{"id":240,"href":"https:\/\/avemariaspsjoa.org\/spanish\/wp-json\/wp\/v2\/pages\/12\/revisions\/240"}],"wp:attachment":[{"href":"https:\/\/avemariaspsjoa.org\/spanish\/wp-json\/wp\/v2\/media?parent=12"}],"curies":[{"name":"wp","href":"https:\/\/api.w.org\/{rel}","templated":true}]}}