{"id":108,"date":"2026-01-15T13:48:58","date_gmt":"2026-01-15T18:48:58","guid":{"rendered":"https:\/\/avemariaspsjoa.org\/spanish\/?page_id=108"},"modified":"2026-01-16T09:26:53","modified_gmt":"2026-01-16T14:26:53","slug":"descripcion-del-programa","status":"publish","type":"page","link":"https:\/\/avemariaspsjoa.org\/spanish\/programa-academico\/descripcion-del-programa\/","title":{"rendered":"Descripci\u00f3n del Programa"},"content":{"rendered":"\n<h1>\n\t\t\tDescripci\u00f3n del Programa\t<\/h1>\n\t<p>La Academia Ave Maria fue fundada para formar a los estudiantes en la verdad, la bondad y la belleza a trav\u00e9s de un modelo educativo aut\u00e9nticamente cat\u00f3lico y cl\u00e1sico. Arraigada en la vida de la Iglesia y respaldada por una s\u00f3lida colaboraci\u00f3n parroquial, la Academia Ave Maria ofrece un camino educativo cuidadosamente dise\u00f1ado que comienza con un preescolar cat\u00f3lico basado en el juego y culmina en una rigurosa educaci\u00f3n cl\u00e1sica de artes liberales para los grados 1 a 8.<\/p>\n\t\t\t\t<img decoding=\"async\" src=\"https:\/\/avemariaspsjoa.org\/spanish\/wp-content\/uploads\/sites\/2\/2026\/01\/programoverviw-logo.png\" alt=\"programoverviw-logo\" itemprop=\"image\" height=\"168\" width=\"150\" title=\"programoverviw-logo\" onerror=\"this.style.display='none'\" loading=\"lazy\" \/>\n<h3>\n\t\t\tPreescolar Cat\u00f3lico basado en el juego\t<\/h3>\n\t<p>El programa de primera infancia de la Academia Ave Maria respeta la curiosidad, la capacidad de asombro y las necesidades de desarrollo naturales de los ni\u00f1os peque\u00f1os. Nuestro preescolar basado en el juego fomenta el aprendizaje alegre a trav\u00e9s del juego con prop\u00f3sito, experiencias ling\u00fc\u00edsticas enriquecedoras, exploraci\u00f3n imaginativa, m\u00fasica, movimiento y descubrimiento pr\u00e1ctico, todo ello fundamentado en los ritmos de la vida cat\u00f3lica.<\/p>\n<p>Los estudiantes se inician suavemente en la oraci\u00f3n, las Escrituras, los tiempos lit\u00fargicos y el amor de Cristo en un entorno que nutre el crecimiento social, emocional, espiritual y cognitivo. Esta base apoya la formaci\u00f3n integral del ni\u00f1o, prepar\u00e1ndolo para los h\u00e1bitos acad\u00e9micos y morales necesarios para el \u00e9xito en los grados superiores.<\/p>\n<h3>\n\t\t\tFormaci\u00f3n guiada por las Hermanitas de la Inmaculada Concepci\u00f3n\t<\/h3>\n\t<p><strong>Formaci\u00f3n guiada por las Hermanitas de la Inmaculada Concepci\u00f3n<\/strong><\/p>\n<p>Una fortaleza distintiva de la Academia Ave Maria es la participaci\u00f3n de las Hermanitas de la Inmaculada Concepci\u00f3n, cuyo carisma de servicio humilde, devoci\u00f3n mariana y amor por la educaci\u00f3n de los ni\u00f1os enriquece la vida de la escuela. Como miembros del personal, las Hermanas brindan un testimonio vivo de fe que apoya a los ni\u00f1os peque\u00f1os a trav\u00e9s de una gu\u00eda amable, reverencia y atenci\u00f3n personalizada.<\/p>\n<p>Su filosof\u00eda enfatiza:<\/p>\n<p>La dignidad de cada ni\u00f1o como creado a imagen de Dios<\/p>\n<p>La formaci\u00f3n de la virtud a trav\u00e9s del ejemplo y la pr\u00e1ctica diaria<\/p>\n<p>El aprendizaje arraigado en la relaci\u00f3n, el orden y la alegr\u00eda<\/p>\n<p>Este enfoque formativo proporciona una transici\u00f3n fluida desde la primera infancia al programa cl\u00e1sico de primaria y secundaria de la Academia Ave Maria.<\/p>\n<h3>\n\t\t\tUna aut\u00e9ntica educaci\u00f3n cat\u00f3lica cl\u00e1sica (grados 1 a 8)\t<\/h3>\n\t<p>A medida que los estudiantes avanzan a los grados 1 a 8, la Academia Ave Maria transita intencionalmente hacia un aut\u00e9ntico modelo cl\u00e1sico de educaci\u00f3n cat\u00f3lica. Este enfoque enfatiza el cultivo de la sabidur\u00eda y la virtud a trav\u00e9s de m\u00e9todos de instrucci\u00f3n probados, un rico plan de estudios de artes liberales y una profunda integraci\u00f3n de la fe cat\u00f3lica en todas las disciplinas. El modelo cl\u00e1sico:<\/p>\n<p>Desarrolla s\u00f3lidos h\u00e1bitos de atenci\u00f3n, memoria y razonamiento.<\/p>\n<p>Fundamenta a los estudiantes en las Sagradas Escrituras, la ense\u00f1anza de la Iglesia y la civilizaci\u00f3n occidental.<\/p>\n<p>Fomenta la admiraci\u00f3n, la formaci\u00f3n moral y el amor por la verdad.<\/p>\n<p>Forma a los estudiantes no solo para el \u00e9xito acad\u00e9mico, sino para un discipulado de por vida.<\/p>\n<h3>\n\t\t\tAlianza con el Instituto para la Educaci\u00f3n Liberal Cat\u00f3lica (ICLE)\t<\/h3>\n\t<p>Ave Maria Academy se enorgullece de ser miembro del Instituto para la Educaci\u00f3n Liberal Cat\u00f3lica (ICLE). Esta alianza reafirma nuestro compromiso con las mejores pr\u00e1cticas en la educaci\u00f3n cl\u00e1sica cat\u00f3lica y proporciona desarrollo profesional continuo, orientaci\u00f3n curricular y alineaci\u00f3n con la misi\u00f3n para el profesorado y el equipo directivo.<\/p>\n<p>A trav\u00e9s de ICLE, Ave Maria Academy se mantiene conectada a una comunidad nacional de escuelas cat\u00f3licas dedicadas a renovar la educaci\u00f3n con fidelidad a la Iglesia y a la tradici\u00f3n intelectual del catolicismo.<\/p>\n<h3>\n\t\t\tSatisfaciendo la necesidad de una educaci\u00f3n cl\u00e1sica cat\u00f3lica\t<\/h3>\n\t<p>Hoy en d\u00eda, las familias buscan una educaci\u00f3n que forme tanto el intelecto como el car\u00e1cter, una que brinde excelencia acad\u00e9mica a la vez que arraigue a los ni\u00f1os en la fe, la virtud y un prop\u00f3sito de vida. Ave Maria Academy responde a esta necesidad ofreciendo un camino educativo coherente y lleno de fe que comienza en la primera infancia y se desarrolla intencionalmente a lo largo de la adolescencia.<\/p>\n<p>Al unir una educaci\u00f3n preescolar basada en el juego, el testimonio de las religiosas y un riguroso curr\u00edculo cl\u00e1sico, Ave Maria Academy forma a los estudiantes para que conozcan, amen y sirvan a Dios, prepar\u00e1ndolos para convertirse en eruditos reflexivos, cat\u00f3licos fieles y testigos gozosos de Cristo.<\/p>\n\t\t\t<a href=\"https:\/\/avemariaspsjoa.org\/spanish\/contact\/\" target=\"_self\">\n\t\t\t\t\t\t\t\u00bfTienes Preguntas? \u00a1Cont\u00e1ctanos hoy mismo!\n\t\t\t\t\t<\/a>\n\n","protected":false},"excerpt":{"rendered":"<p>Descripci\u00f3n del Programa La Academia Ave Maria fue fundada para formar a los estudiantes en la verdad, la bondad y la belleza a trav\u00e9s de un modelo educativo aut\u00e9nticamente cat\u00f3lico y cl\u00e1sico. Arraigada en la vida de la Iglesia y respaldada por una s\u00f3lida colaboraci\u00f3n parroquial, la Academia Ave Maria ofrece un camino educativo cuidadosamente [&hellip;]<\/p>\n","protected":false},"author":1,"featured_media":0,"parent":10,"menu_order":0,"comment_status":"closed","ping_status":"closed","template":"","meta":{"footnotes":""},"class_list":["post-108","page","type-page","status-publish","hentry"],"_links":{"self":[{"href":"https:\/\/avemariaspsjoa.org\/spanish\/wp-json\/wp\/v2\/pages\/108","targetHints":{"allow":["GET"]}}],"collection":[{"href":"https:\/\/avemariaspsjoa.org\/spanish\/wp-json\/wp\/v2\/pages"}],"about":[{"href":"https:\/\/avemariaspsjoa.org\/spanish\/wp-json\/wp\/v2\/types\/page"}],"author":[{"embeddable":true,"href":"https:\/\/avemariaspsjoa.org\/spanish\/wp-json\/wp\/v2\/users\/1"}],"replies":[{"embeddable":true,"href":"https:\/\/avemariaspsjoa.org\/spanish\/wp-json\/wp\/v2\/comments?post=108"}],"version-history":[{"count":4,"href":"https:\/\/avemariaspsjoa.org\/spanish\/wp-json\/wp\/v2\/pages\/108\/revisions"}],"predecessor-version":[{"id":223,"href":"https:\/\/avemariaspsjoa.org\/spanish\/wp-json\/wp\/v2\/pages\/108\/revisions\/223"}],"up":[{"embeddable":true,"href":"https:\/\/avemariaspsjoa.org\/spanish\/wp-json\/wp\/v2\/pages\/10"}],"wp:attachment":[{"href":"https:\/\/avemariaspsjoa.org\/spanish\/wp-json\/wp\/v2\/media?parent=108"}],"curies":[{"name":"wp","href":"https:\/\/api.w.org\/{rel}","templated":true}]}}