{"id":10,"date":"2026-01-08T13:24:31","date_gmt":"2026-01-08T18:24:31","guid":{"rendered":"http:\/\/104.247.72.45\/~avem\/?page_id=10"},"modified":"2026-01-16T11:00:59","modified_gmt":"2026-01-16T16:00:59","slug":"programa-academico","status":"publish","type":"page","link":"https:\/\/avemariaspsjoa.org\/spanish\/programa-academico\/","title":{"rendered":"PROGRAMA ACAD\u00c9MICO"},"content":{"rendered":"\n<h1>\n\t\t\tPrograma Acad\u00e9mico\t<\/h1>\n<h3>\n\t\t<a href=\"https:\/\/avemariaspsjoa.org\/spanish\/programa-academico\/descripcion-del-programa\/\" title=\"Descripci\u00f3n del Programa\"  target=\"_self\">\n\t\t\tDescripci\u00f3n del Programa\t\t<\/a>\n\t<\/h3>\n<h3>\n\t\t<a href=\"https:\/\/avemariaspsjoa.org\/spanish\/programa-academico\/detalles-del-plan-de-estudios\/\" title=\"Informaci\u00f3n del Plan de Estudios\"  target=\"_self\">\n\t\t\tInformaci\u00f3n del Plan de Estudios\t\t<\/a>\n\t<\/h3>\n<h3>\n\t\t<a href=\"\" title=\"Virtudes y formaci\u00f3n\"  target=\"_blank\"  rel=\"noopener\">\n\t\t\tVirtudes y formaci\u00f3n\t\t<\/a>\n\t<\/h3>\n<h3>\n\t\t<a href=\"https:\/\/education.columbuscatholic.org\/\" title=\"Oficina de Escuelas Cat\u00f3licas de la Di\u00f3cesis de Columbus\"  target=\"_blank\"  rel=\"noopener\">\n\t\t\tOficina de Escuelas Cat\u00f3licas de la Di\u00f3cesis de Columbus\t\t<\/a>\n\t<\/h3>\n<h3>\n\t\t<a href=\"https:\/\/catholicliberaleducation.org\/what-is-catholic-liberal-education\/\" title=\"Instituto para la Educaci\u00f3n Liberal Cat\u00f3lica\"  target=\"_blank\"  rel=\"noopener\">\n\t\t\t Instituto para la Educaci\u00f3n Liberal Cat\u00f3lica\t\t<\/a>\n\t<\/h3>\n<h3>\n\t\t\tMisi\u00f3n de la Academia Ave Mar\u00eda\t<\/h3>\n\t<p>Arraigada en nuestra identidad cat\u00f3lica y en nuestra profunda creencia en la presencia real de Jes\u00fas en la Eucarist\u00eda, nuestra escuela existe para formar disc\u00edpulos de Cristo que crezcan en comuni\u00f3n con Dios y entre s\u00ed, y que, junto con sus familias, practiquen un compromiso inquebrantable con nuestra fe y la excelencia acad\u00e9mica.<\/p>\n\t\t\t\t<img decoding=\"async\" src=\"https:\/\/avemariaspsjoa.org\/spanish\/wp-content\/uploads\/sites\/2\/2026\/01\/subpage-001.png\" alt=\"subpage-001\" itemprop=\"image\" height=\"800\" width=\"1200\" title=\"subpage-001\" onerror=\"this.style.display='none'\" loading=\"lazy\" \/>\n\t\t\t<a href=\"https:\/\/avemariaspsjoa.org\/spanish\/contact\/\" target=\"_self\">\n\t\t\t\t\t\t\t\u00bfTienes Preguntas? \u00a1Cont\u00e1ctanos hoy mismo!\n\t\t\t\t\t<\/a>\n\n","protected":false},"excerpt":{"rendered":"<p>Programa Acad\u00e9mico Descripci\u00f3n del Programa Informaci\u00f3n del Plan de Estudios Virtudes y formaci\u00f3n Oficina de Escuelas Cat\u00f3licas de la Di\u00f3cesis de Columbus Instituto para la Educaci\u00f3n Liberal Cat\u00f3lica Misi\u00f3n de la Academia Ave Mar\u00eda Arraigada en nuestra identidad cat\u00f3lica y en nuestra profunda creencia en la presencia real de Jes\u00fas en la Eucarist\u00eda, nuestra escuela [&hellip;]<\/p>\n","protected":false},"author":1,"featured_media":0,"parent":0,"menu_order":0,"comment_status":"closed","ping_status":"closed","template":"","meta":{"footnotes":""},"class_list":["post-10","page","type-page","status-publish","hentry"],"_links":{"self":[{"href":"https:\/\/avemariaspsjoa.org\/spanish\/wp-json\/wp\/v2\/pages\/10","targetHints":{"allow":["GET"]}}],"collection":[{"href":"https:\/\/avemariaspsjoa.org\/spanish\/wp-json\/wp\/v2\/pages"}],"about":[{"href":"https:\/\/avemariaspsjoa.org\/spanish\/wp-json\/wp\/v2\/types\/page"}],"author":[{"embeddable":true,"href":"https:\/\/avemariaspsjoa.org\/spanish\/wp-json\/wp\/v2\/users\/1"}],"replies":[{"embeddable":true,"href":"https:\/\/avemariaspsjoa.org\/spanish\/wp-json\/wp\/v2\/comments?post=10"}],"version-history":[{"count":13,"href":"https:\/\/avemariaspsjoa.org\/spanish\/wp-json\/wp\/v2\/pages\/10\/revisions"}],"predecessor-version":[{"id":241,"href":"https:\/\/avemariaspsjoa.org\/spanish\/wp-json\/wp\/v2\/pages\/10\/revisions\/241"}],"wp:attachment":[{"href":"https:\/\/avemariaspsjoa.org\/spanish\/wp-json\/wp\/v2\/media?parent=10"}],"curies":[{"name":"wp","href":"https:\/\/api.w.org\/{rel}","templated":true}]}}